{"id":40,"date":"2022-05-17T10:12:56","date_gmt":"2022-05-17T10:12:56","guid":{"rendered":"http:\/\/soncovax.com\/?page_id=40"},"modified":"2024-03-22T17:54:55","modified_gmt":"2024-03-22T17:54:55","slug":"cong-ty","status":"publish","type":"page","link":"https:\/\/centnano.vn\/?page_id=40","title":{"rendered":"C\u00f4ng ty"},"content":{"rendered":"\t<section class=\"section\" id=\"section_119572962\">\n\t\t<div class=\"bg section-bg fill bg-fill  bg-loaded\" >\n\n\t\t\t\n\t\t\t\n\t\t\t\n\n\t\t<\/div>\n\n\t\t\n\n\t\t<div class=\"section-content relative\">\n\t\t\t\n\t<div class=\"img has-hover hide-for-small x md-x lg-x y md-y lg-y\" id=\"image_514674046\">\n\t\t\t\t\t\t\t\t<div class=\"img-inner dark\" >\n\t\t\t<img loading=\"lazy\" decoding=\"async\" width=\"1920\" height=\"998\" src=\"https:\/\/centnano.vn\/wp-content\/uploads\/2024\/03\/cong-ty.webp\" class=\"attachment-original size-original\" alt=\"cong-ty\" srcset=\"https:\/\/centnano.vn\/wp-content\/uploads\/2024\/03\/cong-ty.webp 1920w, https:\/\/centnano.vn\/wp-content\/uploads\/2024\/03\/cong-ty-600x312.webp 600w, https:\/\/centnano.vn\/wp-content\/uploads\/2024\/03\/cong-ty-1024x532.webp 1024w, https:\/\/centnano.vn\/wp-content\/uploads\/2024\/03\/cong-ty-768x399.webp 768w, https:\/\/centnano.vn\/wp-content\/uploads\/2024\/03\/cong-ty-1536x798.webp 1536w\" sizes=\"auto, (max-width: 1920px) 100vw, 1920px\" \/>\t\t\t\t\t\t\n\t\t\t\t\t<\/div>\n\t\t\t\t\t\t\t\t\n<style>\n#image_514674046 {\n  width: 100%;\n}\n<\/style>\n\t<\/div>\n\t\n\t<div class=\"img has-hover show-for-small x md-x lg-x y md-y lg-y\" id=\"image_1718808900\">\n\t\t\t\t\t\t\t\t<div class=\"img-inner dark\" >\n\t\t\t<img loading=\"lazy\" decoding=\"async\" width=\"768\" height=\"399\" src=\"https:\/\/centnano.vn\/wp-content\/uploads\/2024\/03\/cong-ty-mobile.webp\" class=\"attachment-original size-original\" alt=\"cong-ty-mobile\" srcset=\"https:\/\/centnano.vn\/wp-content\/uploads\/2024\/03\/cong-ty-mobile.webp 768w, https:\/\/centnano.vn\/wp-content\/uploads\/2024\/03\/cong-ty-mobile-600x312.webp 600w\" sizes=\"auto, (max-width: 768px) 100vw, 768px\" \/>\t\t\t\t\t\t\n\t\t\t\t\t<\/div>\n\t\t\t\t\t\t\t\t\n<style>\n#image_1718808900 {\n  width: 100%;\n}\n<\/style>\n\t<\/div>\n\t\n\t<div id=\"gap-329555639\" class=\"gap-element clearfix\" style=\"display:block; height:auto;\">\n\t\t\n<style>\n#gap-329555639 {\n  padding-top: 30px;\n}\n<\/style>\n\t<\/div>\n\t\n\t\t<\/div>\n\n\t\t\n<style>\n#section_119572962 {\n  padding-top: 0px;\n  padding-bottom: 0px;\n}\n#section_119572962 .ux-shape-divider--top svg {\n  height: 150px;\n  --divider-top-width: 100%;\n}\n#section_119572962 .ux-shape-divider--bottom svg {\n  height: 150px;\n  --divider-width: 100%;\n}\n<\/style>\n\t<\/section>\n\t\n\t<section class=\"section\" id=\"section_591249325\">\n\t\t<div class=\"bg section-bg fill bg-fill  bg-loaded\" >\n\n\t\t\t\n\t\t\t\n\t\t\t\n\n\t\t<\/div>\n\n\t\t\n\n\t\t<div class=\"section-content relative\">\n\t\t\t\n<div class=\"row\"  id=\"row-1086067686\">\n\n\t<div id=\"col-1500347930\" class=\"col small-12 large-12\"  >\n\t\t\t\t<div class=\"col-inner text-center box-shadow-2\"  >\n\t\t\t\n\t\t\t\n\t<div id=\"text-3434963660\" class=\"text\">\n\t\t\n<h2 class=\"uppercase\"><strong>Gi\u1edbi thi\u1ec7u h\u00e3ng s\u01a1n CENTNANO<\/strong><\/h2>\n\t\t\n<style>\n#text-3434963660 {\n  text-align: center;\n}\n<\/style>\n\t<\/div>\n\t\n\t<div class=\"img has-hover x md-x lg-x y md-y lg-y\" id=\"image_136501409\">\n\t\t\t\t\t\t\t\t<div class=\"img-inner dark\" >\n\t\t\t<img loading=\"lazy\" decoding=\"async\" width=\"450\" height=\"118\" src=\"https:\/\/centnano.vn\/wp-content\/uploads\/2024\/03\/logo.webp\" class=\"attachment-original size-original\" alt=\"logo\" \/>\t\t\t\t\t\t\n\t\t\t\t\t<\/div>\n\t\t\t\t\t\t\t\t\n<style>\n#image_136501409 {\n  width: 50%;\n}\n@media (min-width:550px) {\n  #image_136501409 {\n    width: 30%;\n  }\n}\n<\/style>\n\t<\/div>\n\t\n\t<div id=\"text-2776728183\" class=\"text\">\n\t\t\n<p style=\"text-align: justify;\">K\u00cdNH TH\u01afA QU\u00dd KH\u00c1CH H\u00c0NG !<\/p>\n<p style=\"text-align: justify;\">C\u00f4ng ty ch\u00fang t\u00f4i chuy\u00ean s\u1ea3n xu\u1ea5t c\u00e1c ch\u1ee7ng lo\u1ea1i s\u01a1n cao c\u1ea5p mang th\u01b0\u01a1ng hi\u1ec7u CENTNANO d\u1ef1a tr\u00ean s\u1ef1 h\u1ee3p t\u00e1c v\u1ec1 c\u00f4ng ngh\u1ec7 v\u1edbi c\u00e1c t\u1eadp \u0111o\u00e0n s\u01a1n v\u00e0 h\u00f3a ch\u1ea5t h\u00e0ng \u0111\u1ea7u c\u1ee7a M\u1ef9.<\/p>\n<p style=\"text-align: justify;\">V\u1edbi \u0111\u1ed9i ng\u0169 c\u00e1n b\u1ed9 c\u00f3 tr\u00ecnh \u0111\u1ed9 chuy\u00ean m\u00f4n k\u1ef9 thu\u1eadt cao v\u00e0 c\u00e1c chuy\u00ean gia h\u00e0ng \u0111\u1ea7u v\u1ec1 h\u00f3a ch\u1ea5t, ch\u00fang t\u00f4i lu\u00f4n c\u1ea3i ti\u1ebfn k\u1ef9 thu\u1eadt v\u00e0 cho ra \u0111\u1eddi d\u00f2ng s\u1ea3n ph\u1ea9m s\u01a1n cao c\u1ea5p ph\u00f9 h\u1ee3p v\u1edbi kh\u00ed h\u1eadu kh\u1eafc nghi\u1ec7t t\u1ea1i Vi\u1ec7t Nam.<\/p>\n<p style=\"text-align: justify;\">Hi\u1ec7n nay h\u1ec7 th\u1ed1ng s\u1ea3n ph\u1ea9m \u0111\u1ed3ng b\u1ed9 CENTNANO \u0111ang \u0111\u01b0\u1ee3c \u0111\u00e1nh gi\u00e1 l\u00e0 h\u1ec7 th\u1ed1ng mang t\u00ednh \u1ed5n \u0111\u1ecbnh cao, v\u1edbi ch\u1ea5t l\u01b0\u1ee3ng ngang b\u1eb1ng c\u00e1c s\u1ea3n ph\u1ea9m ngo\u1ea1i nh\u1eadp c\u00f3 tr\u00ean th\u1ecb tr\u01b0\u1eddng, h\u1ec7 th\u1ed1ng n\u00e0y lu\u00f4n \u0111\u01b0\u1ee3c \u0111\u1ed5i m\u1edbi n\u00e2ng cao ph\u1ee5c v\u1ee5 nhu c\u1ea7u thi\u1ebft th\u1ef1c c\u1ee7a ng\u01b0\u1eddi d\u00f9ng. S\u1eed d\u1ee5ng ho\u00e0n ch\u1ec9nh h\u1ec7 th\u1ed1ng \u0111\u1ed3ng b\u1ed9 s\u01a1n CENTNANO s\u1ebd t\u1ea1o cho c\u00f4ng tr\u00ecnh c\u00f3 m\u1ed9t v\u1ebb \u0111\u1eb9p l\u00e2u b\u1ec1n v\u1edbi \u0111\u1ed9 th\u1ea9m m\u1ef9 cao.<\/p>\n<p style=\"text-align: justify;\">V\u1edbi ph\u01b0\u01a1ng ch\u00e2m l\u1ea5y ch\u1ea5t l\u01b0\u1ee3ng s\u1ea3n ph\u1ea9m l\u00e0m m\u1ee5c ti\u00eau c\u01a1 b\u1ea3n v\u00e0 l\u00e2u d\u00e0i, t\u00ednh \u1ed5n \u0111\u1ecbnh v\u00e0 b\u1ec1n v\u1eefng c\u1ee7a s\u1ea3n ph\u1ea9m l\u00e0 y\u1ebfu t\u1ed1 quy\u1ebft \u0111\u1ecbnh s\u1ef1 s\u1ed1ng c\u00f2n c\u1ee7a th\u01b0\u01a1ng hi\u1ec7u, c\u00f4ng ty ch\u00fang t\u00f4i s\u1eed d\u1ee5ng k\u1ef9 thu\u1eadt hi\u1ec7n \u0111\u1ea1i theo \u0111\u00fang ti\u00eau chu\u1ea9n \u0111\u01b0\u1ee3c chuy\u1ec3n giao c\u00f9ng v\u1edbi ph\u01b0\u01a1ng ph\u00e1p ki\u1ec3m tra ch\u1ea5t l\u01b0\u1ee3ng hi\u1ec7n \u0111\u1ea1i \u0111\u1ec3 \u0111\u1ea3m b\u1ea3o s\u1ea3n xu\u1ea5t ra nh\u1eefng s\u1ea3n ph\u1ea9m s\u01a1n mang th\u01b0\u01a1ng hi\u1ec7u CENTNANO \u0111\u1ea1t ch\u1ea5t l\u01b0\u1ee3ng cao ph\u00f9 h\u1ee3p v\u1edbi nhu c\u1ea7u c\u1ee7a th\u1ecb tr\u01b0\u1eddng.<\/p>\n<p style=\"text-align: justify;\">Ch\u00fang t\u00f4i mong nh\u1eadn \u0111\u01b0\u1ee3c s\u1ef1 h\u1ee3p t\u00e1c t\u1eeb qu\u00fd kh\u00e1ch h\u00e0ng \u0111\u1ec3 th\u01b0\u01a1ng hi\u1ec7u CENTNANO ng\u00e0y c\u00e0ng x\u1ee9ng \u0111\u00e1ng v\u1edbi l\u00f2ng tin c\u1ee7a ng\u01b0\u1eddi s\u1eed d\u1ee5ng!<\/p>\n\t\t\n<style>\n#text-2776728183 {\n  font-size: 1rem;\n  line-height: 1.7;\n}\n<\/style>\n\t<\/div>\n\t\n\t\t<\/div>\n\t\t\t\t\n<style>\n#col-1500347930 > .col-inner {\n  padding: 25px 10px 25px 10px;\n  border-radius: 10px;\n}\n@media (min-width:550px) {\n  #col-1500347930 > .col-inner {\n    padding: 25px 25px 25px 25px;\n  }\n}\n<\/style>\n\t<\/div>\n\n\t\n<\/div>\n<div class=\"row row-collapse align-middle align-center\"  id=\"row-1383523228\">\n\n\t<div id=\"col-148943299\" class=\"col small-12 large-12\"  >\n\t\t\t\t<div class=\"col-inner\"  >\n\t\t\t\n\t\t\t\n\t<div class=\"img has-hover x md-x lg-x y md-y lg-y\" id=\"image_1149723501\">\n\t\t\t\t\t\t\t\t<div class=\"img-inner dark\" >\n\t\t\t<img loading=\"lazy\" decoding=\"async\" width=\"1200\" height=\"801\" src=\"https:\/\/centnano.vn\/wp-content\/uploads\/2024\/03\/billboard.webp\" class=\"attachment-original size-original\" alt=\"billboard\" srcset=\"https:\/\/centnano.vn\/wp-content\/uploads\/2024\/03\/billboard.webp 1200w, https:\/\/centnano.vn\/wp-content\/uploads\/2024\/03\/billboard-600x401.webp 600w, https:\/\/centnano.vn\/wp-content\/uploads\/2024\/03\/billboard-1024x684.webp 1024w, https:\/\/centnano.vn\/wp-content\/uploads\/2024\/03\/billboard-768x513.webp 768w\" sizes=\"auto, (max-width: 1200px) 100vw, 1200px\" \/>\t\t\t\t\t\t\n\t\t\t\t\t<\/div>\n\t\t\t\t\t\t\t\t\n<style>\n#image_1149723501 {\n  width: 100%;\n}\n<\/style>\n\t<\/div>\n\t\n\t\t<\/div>\n\t\t\t\t\t<\/div>\n\n\t\n<\/div>\n<div class=\"row\"  id=\"row-1468534961\">\n\n\t<div id=\"col-1848662418\" class=\"col small-12 large-12\"  >\n\t\t\t\t<div class=\"col-inner box-shadow-2\"  >\n\t\t\t\n\t\t\t\n\t<div id=\"text-3791087357\" class=\"text\">\n\t\t\n<p style=\"text-align: justify;\"><strong >I. T\u1ea6M NH\u00ccN<\/strong><\/p>\n<p style=\"text-align: justify;\">C\u00f4ng ty ch\u00fang t\u00f4i h\u01b0\u1edbng \u0111\u1ebfn m\u1ee5c ti\u00eau tr\u1edf th\u00e0nh nh\u00e0 s\u1ea3n xu\u1ea5t c\u00e1c lo\u1ea1i s\u01a1n trang tr\u00ed ch\u1ea5t l\u01b0\u1ee3ng cao h\u00e0ng \u0111\u1ea7u t\u1ea1i Vi\u1ec7t Nam v\u1edbi c\u00f4ng ngh\u1ec7 ti\u00ean ti\u1ebfn nh\u1ea5t, mang l\u1ea1i v\u1ebb \u0111\u1eb9p cho cu\u1ed9c s\u1ed1ng v\u00e0 th\u00e2n thi\u1ec7n v\u1edbi m\u00f4i tr\u01b0\u1eddng xung quanh.<\/p>\n<p style=\"text-align: justify;\">Ch\u00fang t\u00f4i t\u1ea1o ra m\u1ed9t m\u00f4i tr\u01b0\u1eddng l\u00e0m vi\u1ec7c h\u00f2a thu\u1eadn v\u00e0 vui v\u1ebb nh\u1eb1m t\u1ed1i \u01b0u h\u00f3a kh\u1ea3 n\u0103ng c\u1ee7a m\u1ed7i con ng\u01b0\u1eddi, n\u01a1i m\u00e0 m\u1ed7i th\u00e0nh vi\u00ean c\u1ea3m nh\u1eadn \u0111\u01b0\u1ee3c ni\u1ec1m t\u1ef1 h\u00e0o \u0111\u01b0\u1ee3c l\u00e0m vi\u1ec7c \u0111\u1ec3 mang l\u1ea1i v\u1ebb \u0111\u1eb9p cho cu\u1ed9c s\u1ed1ng.<\/p>\n<p style=\"text-align: justify;\"><strong>II. S\u1ee8 M\u1ec6NH<\/strong><\/p>\n<p style=\"text-align: justify;\">\u2013 T\u1ea1o l\u1eadp v\u00e0 b\u1ea3o v\u1ec7 c\u00e1c gi\u00e1 tr\u1ecb \u0111\u1ea7u t\u01b0 b\u1ec1n v\u1eefng cho c\u00e1c ch\u1ee7 s\u1edf h\u1eefu v\u00e0 \u0111\u1ed1i t\u00e1c d\u1ef1a tr\u00ean s\u1ef1 minh b\u1ea1ch v\u1ec1 t\u00e0i ch\u00ednh, chuy\u00ean nghi\u1ec7p v\u1ec1 t\u1ed5 ch\u1ee9c v\u00e0 c\u00f4ng ngh\u1ec7 s\u1ea3n xu\u1ea5t.<\/p>\n<p style=\"text-align: justify;\">\u2013 H\u00e0i h\u00f2a nh\u1eefng l\u1ee3i \u00edch c\u01a1 b\u1ea3n c\u1ee7a \u0111\u1ed1i t\u00e1c, kh\u00e1ch h\u00e0ng, ng\u01b0\u1eddi lao \u0111\u1ed9ng d\u1ef1a tr\u00ean ph\u01b0\u01a1ng ch\u00e2m \u0111i\u1ec1u h\u00e0nh trung th\u1ef1c v\u00e0 c\u00f4ng b\u1eb1ng.<\/p>\n<p style=\"text-align: justify;\"><strong>III. GI\u00c1 TR\u1eca C\u1ed0T L\u00d5I<\/strong><\/p>\n<p style=\"text-align: justify;\"><strong>\u2013 Con ng\u01b0\u1eddi<\/strong><\/p>\n<p style=\"text-align: justify;\">X\u00e1c \u0111\u1ecbnh con ng\u01b0\u1eddi l\u00e0m l\u00ean s\u1ee9c m\u1ea1nh c\u1ed1t l\u00f5i, v\u00ec v\u1eady to\u00e0n th\u1ec3 C\u00e1n b\u1ed9 c\u00f4ng nh\u00e2n vi\u00ean trong c\u00f4ng ty th\u1ed1ng nh\u1ea5t x\u00e2y d\u1ef1ng m\u1ed9t m\u00f4i tr\u01b0\u1eddng l\u00e0m vi\u1ec7c mang \u0111\u1eadm n\u00e9t v\u0103n h\u00f3a ri\u00eang c\u1ee7a CENTNANO \u0111\u00f3 l\u00e0: Chuy\u00ean nghi\u1ec7p, n\u0103ng \u0111\u1ed9ng, trung th\u1ef1c, \u0111\u1ec1 cao tinh th\u1ea7n tr\u00e1ch nhi\u1ec7m v\u00e0 coi tr\u1ecdng ch\u1eef T\u00edn.<\/p>\n<p style=\"text-align: justify;\">Trong m\u1ecdi quan h\u1ec7, C\u00e1n b\u1ed9 c\u00f4ng nh\u00e2n vi\u00ean h\u00e3ng s\u01a1n CENTNANO qu\u00e1n tri\u1ec7t nguy\u00ean t\u1eafc:<\/p>\n<p style=\"text-align: justify;\"><strong>H\u1ee3p t\u00e1c \u2013 Minh B\u1ea1ch \u2013 Ch\u00ednh tr\u1ef1c<\/strong><\/p>\n<p style=\"text-align: justify;\"><strong>\u2013 C\u00f4ng ngh\u1ec7<\/strong><\/p>\n<p style=\"text-align: justify;\">T\u1eadp trung \u0111\u1ea7u t\u01b0 c\u00f4ng ngh\u1ec7 m\u1edbi, \u0111\u1ea3m b\u1ea3o m\u1ecdi d\u00e2y chuy\u1ec1n s\u1ea3n xu\u1ea5t c\u1ee7a CENTNANO ph\u1ea3i m\u1edbi nh\u1ea5t, t\u1ed1t nh\u1ea5t, s\u1eed d\u1ee5ng c\u00f4ng ngh\u1ec7 hi\u1ec7n \u0111\u1ea1i nh\u1ea5t, \u0111\u1ed3ng b\u1ed9, kh\u00e9p k\u00edn, c\u00f3 gi\u1ea3i ph\u00e1p x\u1eed l\u00fd tri\u1ec7t \u0111\u1ec3 ch\u1ea5t th\u1ea3i \u0111\u1ed9c h\u1ea1i, th\u00e2n thi\u1ec7n v\u1edbi m\u00f4i tr\u01b0\u1eddng, an to\u00e0n v\u1edbi c\u00f4ng nh\u00e2n s\u1ea3n xu\u1ea5t v\u00e0 ng\u01b0\u1eddi ti\u00eau d\u00f9ng.<\/p>\n<p style=\"text-align: justify;\"><strong>\u00a0\u2013 S\u1ea3n ph\u1ea9m<\/strong><\/p>\n<p style=\"text-align: justify;\">M\u1ee5c \u0111\u00edch c\u1ee7a 2 y\u1ebfu t\u1ed1 \u201cCon ng\u01b0\u1eddi\u201d v\u00e0 \u201cC\u00f4ng ngh\u1ec7\u201d l\u00e0 t\u1ea1o ra nh\u1eefng \u201cS\u1ea3n ph\u1ea9m t\u1ed1t nh\u1ea5t \u201c. l\u00e0 n\u1ec1n t\u1ea3ng t\u1ea1o l\u00ean nh\u1eefng s\u1ea3n ph\u1ea9m c\u00f3 \u201cTh\u01b0\u01a1ng hi\u1ec7u\u201d h\u00e0ng \u0111\u1ea7u c\u1ee7a CENTNANO, \u201cTh\u01b0\u01a1ng hi\u1ec7u\u201d ch\u00ednh l\u00e0 t\u00e0i s\u1ea3n v\u00f4 h\u00ecnh l\u1edbn nh\u1ea5t c\u1ee7a C\u00f4ng ty. V\u00ec v\u1eady, t\u1ea5t c\u1ea3 c\u00e1c s\u1ea3n ph\u1ea9m c\u1ee7a CENTNANO \u0111\u01b0\u1ee3c \u0111\u01b0a ra th\u1ecb tr\u01b0\u1eddng ph\u1ea3i \u0111\u1ea3m b\u1ea3o \u0111\u1ee7 3 y\u1ebfu t\u1ed1: Ch\u1ea5t l\u01b0\u1ee3ng cao, D\u1ecbch v\u1ee5 ho\u00e0n h\u1ea3o v\u00e0 Th\u00e2n thi\u1ec7n v\u1edbi m\u00f4i tr\u01b0\u1eddng.<\/p>\n<p style=\"text-align: justify;\"><strong>IV. CAM K\u1ebeT CH\u1ea4T L\u01af\u1ee2NG<\/strong><\/p>\n<p style=\"text-align: justify;\">Ng\u00f4i nh\u00e0 kh\u00f4ng ch\u1ec9 \u0111\u01a1n thu\u1ea7n l\u00e0 n\u01a1i \u0111\u1ec3 ch\u00fang ta ngh\u1ec9 ng\u01a1i sau m\u1ed7i ng\u00e0y l\u00e0m vi\u1ec7c m\u1ec7t m\u1ecfi , n\u01a1i m\u00e0 ch\u00fang ta lu\u00f4n kh\u1eafc kho\u1ea3i m\u1ed9t n\u1ed7i nh\u1edb m\u1ed7i khi \u0111i xa . M\u00e0 \u0111\u00f3 c\u00f2n l\u00e0 m\u1ed9t th\u1ebf gi\u1edbi ri\u00eang \u0111\u1ea7y t\u00ednh c\u00e1ch v\u00e0 c\u1ea3m x\u00fac c\u1ee7a m\u1ed7i gia \u0111\u00ecnh, th\u1ec3 hi\u1ec7n qua c\u00e1ch thi\u1ebft k\u1ebf v\u00e0 m\u00e0u s\u1eafc. CENTNANO hi\u1ec3u r\u1eb1ng \u01b0u ti\u00ean h\u00e0ng \u0111\u1ea7u c\u1ee7a m\u00ecnh l\u00e0 cam k\u1ebft mang l\u1ea1i ch\u1ea5t l\u01b0\u1ee3ng v\u1edbi ti\u00eau chu\u1ea9n t\u1ed1t nh\u1ea5t. Cam k\u1ebft \u0111\u00f3 ph\u1ea3i th\u1ec3 hi\u1ec7n t\u1eeb ngu\u1ed3n nguy\u00ean li\u1ec7u th\u00f4, ch\u00ednh s\u00e1ch tuy\u1ec3n d\u1ee5ng, \u0111\u00e0o t\u1ea1o v\u00e0 \u0111\u00e3i ng\u1ed9 nh\u00e2n vi\u00ean, d\u00e2y chuy\u1ec1n c\u00f4ng ngh\u1ec7, t\u1edbi qu\u1ea3n l\u00fd quan h\u1ec7 v\u1edbi kh\u00e1ch h\u00e0ng. Tr\u00ean h\u1ebft, cam k\u1ebft ch\u1ea5t l\u01b0\u1ee3ng c\u1ee7a CENTNANO d\u1ef1a tr\u00ean ngu\u1ed3n nguy\u00ean li\u1ec7u \u0111\u1ea7u v\u00e0o t\u1eeb c\u00e1c \u0111\u1ed1i t\u00e1c l\u00e0 c\u00e1c T\u1eadp \u0111o\u00e0n h\u00f3a ch\u1ea5t l\u1edbn c\u00f3 uy t\u00edn tr\u00ean th\u1ebf gi\u1edbi, nh\u01b0 Dupont, Dow, Basf, Bayer\u2026.<\/p>\n<p style=\"text-align: justify;\"><strong>S\u01a1n CENTNANO \u201d ni\u1ec1m tin cho m\u1ecdi c\u00f4ng tr\u00ecnh \u201c<\/strong><\/p>\n\t\t\n<style>\n#text-3791087357 {\n  font-size: 1rem;\n  line-height: 1.7;\n}\n<\/style>\n\t<\/div>\n\t\n\t\t<\/div>\n\t\t\t\t\n<style>\n#col-1848662418 > .col-inner {\n  padding: 25px 10px 25px 10px;\n  border-radius: 10px;\n}\n@media (min-width:550px) {\n  #col-1848662418 > .col-inner {\n    padding: 25px 25px 25px 25px;\n  }\n}\n<\/style>\n\t<\/div>\n\n\t\n<\/div>\n<div class=\"row row-collapse\"  id=\"row-1790234103\">\n\n\t<div id=\"col-1817300116\" class=\"col small-12 large-12\"  >\n\t\t\t\t<div class=\"col-inner\"  >\n\t\t\t\n\t\t\t\n\t<div class=\"img has-hover x md-x lg-x y md-y lg-y\" id=\"image_2135715145\">\n\t\t\t\t\t\t\t\t<div class=\"img-inner dark\" >\n\t\t\t<img loading=\"lazy\" decoding=\"async\" width=\"1920\" height=\"1280\" src=\"https:\/\/centnano.vn\/wp-content\/uploads\/2024\/03\/poster-dai-lo.webp\" class=\"attachment-original size-original\" alt=\"poster-dai-lo\" srcset=\"https:\/\/centnano.vn\/wp-content\/uploads\/2024\/03\/poster-dai-lo.webp 1920w, https:\/\/centnano.vn\/wp-content\/uploads\/2024\/03\/poster-dai-lo-600x400.webp 600w, https:\/\/centnano.vn\/wp-content\/uploads\/2024\/03\/poster-dai-lo-1024x683.webp 1024w, https:\/\/centnano.vn\/wp-content\/uploads\/2024\/03\/poster-dai-lo-768x512.webp 768w, https:\/\/centnano.vn\/wp-content\/uploads\/2024\/03\/poster-dai-lo-1536x1024.webp 1536w\" sizes=\"auto, (max-width: 1920px) 100vw, 1920px\" \/>\t\t\t\t\t\t\n\t\t\t\t\t<\/div>\n\t\t\t\t\t\t\t\t\n<style>\n#image_2135715145 {\n  width: 100%;\n}\n<\/style>\n\t<\/div>\n\t\n\t\t<\/div>\n\t\t\t\t\t<\/div>\n\n\t\n<\/div>\n\t\t<\/div>\n\n\t\t\n<style>\n#section_591249325 {\n  padding-top: 0px;\n  padding-bottom: 0px;\n}\n#section_591249325 .ux-shape-divider--top svg {\n  height: 150px;\n  --divider-top-width: 100%;\n}\n#section_591249325 .ux-shape-divider--bottom svg {\n  height: 150px;\n  --divider-width: 100%;\n}\n<\/style>\n\t<\/section>\n\t\n","protected":false},"excerpt":{"rendered":"","protected":false},"author":9,"featured_media":0,"parent":0,"menu_order":0,"comment_status":"closed","ping_status":"closed","template":"page-blank.php","meta":{"footnotes":""},"class_list":["post-40","page","type-page","status-publish","hentry"],"_links":{"self":[{"href":"https:\/\/centnano.vn\/index.php?rest_route=\/wp\/v2\/pages\/40","targetHints":{"allow":["GET"]}}],"collection":[{"href":"https:\/\/centnano.vn\/index.php?rest_route=\/wp\/v2\/pages"}],"about":[{"href":"https:\/\/centnano.vn\/index.php?rest_route=\/wp\/v2\/types\/page"}],"author":[{"embeddable":true,"href":"https:\/\/centnano.vn\/index.php?rest_route=\/wp\/v2\/users\/9"}],"replies":[{"embeddable":true,"href":"https:\/\/centnano.vn\/index.php?rest_route=%2Fwp%2Fv2%2Fcomments&post=40"}],"version-history":[{"count":61,"href":"https:\/\/centnano.vn\/index.php?rest_route=\/wp\/v2\/pages\/40\/revisions"}],"predecessor-version":[{"id":3558,"href":"https:\/\/centnano.vn\/index.php?rest_route=\/wp\/v2\/pages\/40\/revisions\/3558"}],"wp:attachment":[{"href":"https:\/\/centnano.vn\/index.php?rest_route=%2Fwp%2Fv2%2Fmedia&parent=40"}],"curies":[{"name":"wp","href":"https:\/\/api.w.org\/{rel}","templated":true}]}}