{"id":42,"date":"2022-05-17T10:13:12","date_gmt":"2022-05-17T10:13:12","guid":{"rendered":"http:\/\/soncovax.com\/?page_id=42"},"modified":"2024-10-10T15:58:18","modified_gmt":"2024-10-10T15:58:18","slug":"lien-he","status":"publish","type":"page","link":"https:\/\/centnano.vn\/?page_id=42","title":{"rendered":"Li\u00ean h\u1ec7"},"content":{"rendered":"\t<div id=\"gap-723066108\" class=\"gap-element clearfix\" style=\"display:block; height:auto;\">\n\t\t\n<style>\n#gap-723066108 {\n  padding-top: 40px;\n}\n@media (min-width:550px) {\n  #gap-723066108 {\n    padding-top: 60px;\n  }\n}\n<\/style>\n\t<\/div>\n\t\n<div class=\"row\"  id=\"row-717220940\">\n\n\t<div id=\"col-1474677430\" class=\"col small-12 large-12\"  >\n\t\t\t\t<div class=\"col-inner\"  >\n\t\t\t\n\t\t\t\n<div class=\"row align-equal\" style=\"max-width:\" id=\"row-1144640345\">\n\n\t<div id=\"col-551789052\" class=\"col medium-4 small-12 large-4\"  >\n\t\t\t\t<div class=\"col-inner box-shadow-1 box-shadow-3-hover\" style=\"background-color:rgb(28, 36, 55);\" >\n\t\t\t\n\t\t\t\n\n\t\t<div class=\"icon-box featured-box icon-box-center text-center\"  >\n\t\t\t\t\t<div class=\"icon-box-img\" style=\"width: 60px\">\n\t\t\t\t<div class=\"icon\">\n\t\t\t\t\t<div class=\"icon-inner\" >\n\t\t\t\t\t\t<img loading=\"lazy\" decoding=\"async\" width=\"300\" height=\"300\" src=\"https:\/\/centnano.vn\/wp-content\/uploads\/2022\/05\/map-300x300.png\" class=\"attachment-medium size-medium\" alt=\"\" srcset=\"https:\/\/centnano.vn\/wp-content\/uploads\/2022\/05\/map-300x300.png 300w, https:\/\/centnano.vn\/wp-content\/uploads\/2022\/05\/map-100x100.png 100w, https:\/\/centnano.vn\/wp-content\/uploads\/2022\/05\/map-150x150.png 150w, https:\/\/centnano.vn\/wp-content\/uploads\/2022\/05\/map.png 512w\" sizes=\"auto, (max-width: 300px) 100vw, 300px\" \/>\t\t\t\t\t<\/div>\n\t\t\t\t<\/div>\n\t\t\t<\/div>\n\t\t\t\t<div class=\"icon-box-text last-reset\">\n\t\t\t\t\t\t\t\t\t\n\t<div id=\"text-1481864697\" class=\"text\">\n\t\t\n<p>V\u0103n ph\u00f2ng: S\u1ed1 49, ng\u00f5 1295 Gi\u1ea3i Ph\u00f3ng, Th\u1ecbnh Li\u1ec7t, Ho\u00e0ng Mai, H\u00e0 N\u1ed9i<b><\/b><\/p>\n\t\t\n<style>\n#text-1481864697 {\n  font-size: 1.2rem;\n  line-height: 1.7;\n}\n<\/style>\n\t<\/div>\n\t\n\t\t<\/div>\n\t<\/div>\n\t\n\t\n\t\t<\/div>\n\t\t\t\t\n<style>\n#col-551789052 > .col-inner {\n  padding: 15px 15px 15px 15px;\n  border-radius: 5px;\n}\n<\/style>\n\t<\/div>\n\n\t\n\n\t<div id=\"col-1192309555\" class=\"col medium-4 small-12 large-4\"  >\n\t\t\t\t<div class=\"col-inner box-shadow-1 box-shadow-3-hover\" style=\"background-color:rgb(28, 36, 55);\" >\n\t\t\t\n\t\t\t\n\n\t\t<div class=\"icon-box featured-box icon-box-center text-center\"  >\n\t\t\t\t\t<div class=\"icon-box-img\" style=\"width: 60px\">\n\t\t\t\t<div class=\"icon\">\n\t\t\t\t\t<div class=\"icon-inner\" >\n\t\t\t\t\t\t<img loading=\"lazy\" decoding=\"async\" width=\"300\" height=\"300\" src=\"https:\/\/centnano.vn\/wp-content\/uploads\/2022\/05\/phone-1-300x300.png\" class=\"attachment-medium size-medium\" alt=\"\" srcset=\"https:\/\/centnano.vn\/wp-content\/uploads\/2022\/05\/phone-1-300x300.png 300w, https:\/\/centnano.vn\/wp-content\/uploads\/2022\/05\/phone-1-100x100.png 100w, https:\/\/centnano.vn\/wp-content\/uploads\/2022\/05\/phone-1-150x150.png 150w, https:\/\/centnano.vn\/wp-content\/uploads\/2022\/05\/phone-1.png 512w\" sizes=\"auto, (max-width: 300px) 100vw, 300px\" \/>\t\t\t\t\t<\/div>\n\t\t\t\t<\/div>\n\t\t\t<\/div>\n\t\t\t\t<div class=\"icon-box-text last-reset\">\n\t\t\t\t\t\t\t\t\t\n\t<div id=\"text-1920938881\" class=\"text\">\n\t\t\n<p>Hotline: 0949.973.773<\/p>\n\t\t\n<style>\n#text-1920938881 {\n  font-size: 1.2rem;\n  line-height: 1.7;\n}\n<\/style>\n\t<\/div>\n\t\n\t\t<\/div>\n\t<\/div>\n\t\n\t\n\t\t<\/div>\n\t\t\t\t\n<style>\n#col-1192309555 > .col-inner {\n  padding: 15px 15px 15px 15px;\n  border-radius: 5px;\n}\n@media (min-width:550px) {\n  #col-1192309555 > .col-inner {\n    padding: 15px 15px 15px 15px;\n  }\n}\n<\/style>\n\t<\/div>\n\n\t\n\n\t<div id=\"col-669695420\" class=\"col medium-4 small-12 large-4\"  >\n\t\t\t\t<div class=\"col-inner box-shadow-1 box-shadow-3-hover\" style=\"background-color:rgb(28, 36, 55);\" >\n\t\t\t\n\t\t\t\n\n\t\t<div class=\"icon-box featured-box icon-box-center text-center\"  >\n\t\t\t\t\t<div class=\"icon-box-img\" style=\"width: 60px\">\n\t\t\t\t<div class=\"icon\">\n\t\t\t\t\t<div class=\"icon-inner\" >\n\t\t\t\t\t\t<img loading=\"lazy\" decoding=\"async\" width=\"300\" height=\"300\" src=\"https:\/\/centnano.vn\/wp-content\/uploads\/2022\/05\/gmail-300x300.png\" class=\"attachment-medium size-medium\" alt=\"\" srcset=\"https:\/\/centnano.vn\/wp-content\/uploads\/2022\/05\/gmail-300x300.png 300w, https:\/\/centnano.vn\/wp-content\/uploads\/2022\/05\/gmail-100x100.png 100w, https:\/\/centnano.vn\/wp-content\/uploads\/2022\/05\/gmail-150x150.png 150w, https:\/\/centnano.vn\/wp-content\/uploads\/2022\/05\/gmail.png 512w\" sizes=\"auto, (max-width: 300px) 100vw, 300px\" \/>\t\t\t\t\t<\/div>\n\t\t\t\t<\/div>\n\t\t\t<\/div>\n\t\t\t\t<div class=\"icon-box-text last-reset\">\n\t\t\t\t\t\t\t\t\t\n\t<div id=\"text-106670707\" class=\"text\">\n\t\t\n<p>Gmail: centnano@gmail.com<\/p>\n\t\t\n<style>\n#text-106670707 {\n  font-size: 1.2rem;\n  line-height: 1.7;\n}\n<\/style>\n\t<\/div>\n\t\n\t\t<\/div>\n\t<\/div>\n\t\n\t\n\t\t<\/div>\n\t\t\t\t\n<style>\n#col-669695420 > .col-inner {\n  padding: 15px 15px 15px 15px;\n  border-radius: 5px;\n}\n@media (min-width:550px) {\n  #col-669695420 > .col-inner {\n    padding: 15px 15px 15px 15px;\n  }\n}\n<\/style>\n\t<\/div>\n\n\t\n<\/div>\n\t\t<\/div>\n\t\t\t\t\t<\/div>\n\n\t\n<\/div>\n<div class=\"row\"  id=\"row-482512133\">\n\n\t<div id=\"col-1483224852\" class=\"col medium-6 small-12 large-6\"  >\n\t\t\t\t<div class=\"col-inner\"  >\n\t\t\t\n\t\t\t\n\t<div id=\"text-2289445751\" class=\"text\">\n\t\t\n<h3 class=\"uppercase\"><strong>li\u00ean h\u1ec7 h\u00e3ng s\u01a1n CENTNANO<\/strong><\/h3>\n\t\t\n<style>\n#text-2289445751 {\n  text-align: center;\n}\n<\/style>\n\t<\/div>\n\t\n\t<div id=\"text-2856204059\" class=\"text\">\n\t\t\n<p>H\u00e3ng s\u01a1n CENTNANO chuy\u00ean cung c\u1ea5p c\u00e1c s\u1ea3n ph\u1ea9m s\u01a1n ch\u1ea5t l\u01b0\u1ee3ng, \u0111a d\u1ea1ng ph\u1ee5c v\u1ee5 cho c\u00e1c c\u00f4ng tr\u00ecnh x\u00e2y d\u1ef1ng. V\u1edbi kinh nghi\u1ec7m b\u00e1n h\u00e0ng nhi\u1ec1u n\u0103m, ch\u00fang t\u00f4i t\u1ef1 tin v\u1edbi ch\u1ea5t l\u01b0\u1ee3ng ph\u1ee5c v\u1ee5 kh\u00e1ch h\u00e0ng c\u00f9ng c\u00e1c \u01b0u \u0111\u00e3i cho c\u00e1c s\u1ea3n ph\u1ea9m s\u01a1n.<\/p>\n\t\t\n<style>\n#text-2856204059 {\n  font-size: 1.2rem;\n  line-height: 1.7;\n}\n<\/style>\n\t<\/div>\n\t\n\t\t<\/div>\n\t\t\t\t\t<\/div>\n\n\t\n\n\t<div id=\"col-1168889146\" class=\"col medium-6 small-12 large-6\"  >\n\t\t\t\t<div class=\"col-inner\"  >\n\t\t\t\n\t\t\t\n<div role=\"form\" class=\"wpcf7\" id=\"wpcf7-f112-o1\" lang=\"vi\" dir=\"ltr\">\n<div class=\"screen-reader-response\"><p role=\"status\" aria-live=\"polite\" aria-atomic=\"true\"><\/p> <ul><\/ul><\/div>\n<form action=\"\/index.php?rest_route=%2Fwp%2Fv2%2Fpages%2F42#wpcf7-f112-o1\" method=\"post\" class=\"wpcf7-form init\" enctype=\"multipart\/form-data\" novalidate=\"novalidate\" data-status=\"init\">\n<div style=\"display: none;\">\n<input type=\"hidden\" name=\"_wpcf7\" value=\"112\" \/>\n<input type=\"hidden\" name=\"_wpcf7_version\" value=\"5.5.6.1\" \/>\n<input type=\"hidden\" name=\"_wpcf7_locale\" value=\"vi\" \/>\n<input type=\"hidden\" name=\"_wpcf7_unit_tag\" value=\"wpcf7-f112-o1\" \/>\n<input type=\"hidden\" name=\"_wpcf7_container_post\" value=\"0\" \/>\n<input type=\"hidden\" name=\"_wpcf7_posted_data_hash\" value=\"\" \/>\n<\/div>\n<div class=\"form-contact-twocol\">\n<div id=\"info-left\">\n<p><span class=\"wpcf7-form-control-wrap hoten\"><input type=\"text\" name=\"hoten\" value=\"\" size=\"40\" class=\"wpcf7-form-control wpcf7-text wpcf7-validates-as-required\" aria-required=\"true\" aria-invalid=\"false\" placeholder=\"H\u1ecd v\u00e0 t\u00ean (*)\" \/><\/span><i id=\"icon-form\" class=\"icon-user\"><\/i><\/p>\n<\/div>\n<div id=\"info-right\">\n<p><span class=\"wpcf7-form-control-wrap sodienthoai\"><input type=\"text\" name=\"sodienthoai\" value=\"\" size=\"40\" class=\"wpcf7-form-control wpcf7-text wpcf7-validates-as-required\" aria-required=\"true\" aria-invalid=\"false\" placeholder=\"\u0110i\u1ec7n tho\u1ea1i (*)\" \/><\/span><i id=\"icon-form\" class=\"icon-phone\"><\/i><\/p>\n<\/div>\n<\/div>\n<p><span class=\"wpcf7-form-control-wrap email\"><input type=\"text\" name=\"email\" value=\"\" size=\"40\" class=\"wpcf7-form-control wpcf7-text\" aria-invalid=\"false\" placeholder=\"Email (n\u1ebfu c\u00f3)\" \/><\/span><i id=\"icon-form\" class=\"icon-envelop\"><\/i><\/p>\n<p><span class=\"wpcf7-form-control-wrap chonloaison\"><select name=\"chonloaison\" class=\"wpcf7-form-control wpcf7-select wpcf7-validates-as-required\" aria-required=\"true\" aria-invalid=\"false\"><option value=\"- Lo\u1ea1i s\u01a1n qu\u00fd kh\u00e1ch quan t\u00e2m\">- Lo\u1ea1i s\u01a1n qu\u00fd kh\u00e1ch quan t\u00e2m<\/option><option value=\"S\u01a1n kh\u00e1ng ki\u1ec1m\">S\u01a1n kh\u00e1ng ki\u1ec1m<\/option><option value=\"S\u01a1n ph\u1ee7 n\u1ed9i\">S\u01a1n ph\u1ee7 n\u1ed9i<\/option><option value=\"S\u01a1n ph\u1ee7 ngo\u1ea1i\">S\u01a1n ph\u1ee7 ngo\u1ea1i<\/option><option value=\"S\u01a1n ch\u1ed1ng th\u1ea5m\">S\u01a1n ch\u1ed1ng th\u1ea5m<\/option><option value=\"S\u01a1n \u0111\u1eb7c bi\u1ec7t\">S\u01a1n \u0111\u1eb7c bi\u1ec7t<\/option><option value=\"B\u1ed9t b\u1ea3\">B\u1ed9t b\u1ea3<\/option><\/select><\/span><i id=\"icon-form\" class=\"icon-pen-alt-fill\"><\/i><\/p>\n<p><span class=\"wpcf7-form-control-wrap noidung\"><textarea name=\"noidung\" cols=\"40\" rows=\"10\" class=\"wpcf7-form-control wpcf7-textarea wpcf7-validates-as-required\" aria-required=\"true\" aria-invalid=\"false\" placeholder=\"Nh\u1eadp n\u1ed9i dung li\u00ean h\u1ec7...\"><\/textarea><\/span><i id=\"icon-form\" class=\"icon-chat\"><\/i><\/p>\n<p>\t<span class=\"wpcf7-form-control-wrap file-504\"><input type=\"file\" name=\"file-504\" size=\"40\" class=\"wpcf7-form-control wpcf7-file\" accept=\".jpg,.jpeg,.png,.gif,.pdf,.doc,.docx,.ppt,.pptx,.odt,.avi,.ogg,.m4a,.mov,.mp3,.mp4,.mpg,.wav,.wmv\" aria-invalid=\"false\" \/><\/span><\/p>\n<p>\t<input type=\"submit\" value=\"G\u1eedi li\u00ean h\u1ec7\" class=\"wpcf7-form-control has-spinner wpcf7-submit button\" \/><\/p>\n<div class=\"wpcf7-response-output\" aria-hidden=\"true\"><\/div><\/form><\/div>\n\t\t<\/div>\n\t\t\t\t\t<\/div>\n\n\t\n<\/div>\n\t<section class=\"section\" id=\"section_2051804647\">\n\t\t<div class=\"bg section-bg fill bg-fill  bg-loaded\" >\n\n\t\t\t\n\t\t\t\n\t\t\t\n\n\t\t<\/div>\n\n\t\t\n\n\t\t<div class=\"section-content relative\">\n\t\t\t\n\t<div id=\"text-2487957355\" class=\"text\">\n\t\t\n<p><iframe src=\"https:\/\/www.google.com\/maps\/embed?pb=!1m18!1m12!1m3!1d3725.556139809604!2d105.84002022612783!3d20.970332739781114!2m3!1f0!2f0!3f0!3m2!1i1024!2i768!4f13.1!3m3!1m2!1s0x3135adff11d9f6a5%3A0xd6c7f50a6da037c2!2zTkjDgCBNw4FZIFPhuqJOIFhV4bqkVCBTxqBOIDQuMA!5e0!3m2!1svi!2s!4v1728575778948!5m2!1svi!2s\" width=\"1200\" height=\"600\" style=\"border:0;\" allowfullscreen=\"\" loading=\"lazy\" referrerpolicy=\"no-referrer-when-downgrade\"><\/iframe><\/p>\n\t\t\n<style>\n#text-2487957355 {\n  text-align: center;\n}\n<\/style>\n\t<\/div>\n\t\n\t\t<\/div>\n\n\t\t\n<style>\n#section_2051804647 {\n  padding-top: 0px;\n  padding-bottom: 0px;\n}\n#section_2051804647 .ux-shape-divider--top svg {\n  height: 150px;\n  --divider-top-width: 100%;\n}\n#section_2051804647 .ux-shape-divider--bottom svg {\n  height: 150px;\n  --divider-width: 100%;\n}\n<\/style>\n\t<\/section>\n\t\n","protected":false},"excerpt":{"rendered":"","protected":false},"author":9,"featured_media":0,"parent":0,"menu_order":0,"comment_status":"closed","ping_status":"closed","template":"page-blank.php","meta":{"footnotes":""},"class_list":["post-42","page","type-page","status-publish","hentry"],"_links":{"self":[{"href":"https:\/\/centnano.vn\/index.php?rest_route=\/wp\/v2\/pages\/42","targetHints":{"allow":["GET"]}}],"collection":[{"href":"https:\/\/centnano.vn\/index.php?rest_route=\/wp\/v2\/pages"}],"about":[{"href":"https:\/\/centnano.vn\/index.php?rest_route=\/wp\/v2\/types\/page"}],"author":[{"embeddable":true,"href":"https:\/\/centnano.vn\/index.php?rest_route=\/wp\/v2\/users\/9"}],"replies":[{"embeddable":true,"href":"https:\/\/centnano.vn\/index.php?rest_route=%2Fwp%2Fv2%2Fcomments&post=42"}],"version-history":[{"count":57,"href":"https:\/\/centnano.vn\/index.php?rest_route=\/wp\/v2\/pages\/42\/revisions"}],"predecessor-version":[{"id":3870,"href":"https:\/\/centnano.vn\/index.php?rest_route=\/wp\/v2\/pages\/42\/revisions\/3870"}],"wp:attachment":[{"href":"https:\/\/centnano.vn\/index.php?rest_route=%2Fwp%2Fv2%2Fmedia&parent=42"}],"curies":[{"name":"wp","href":"https:\/\/api.w.org\/{rel}","templated":true}]}}