{"id":3564,"date":"2024-03-22T18:00:40","date_gmt":"2024-03-22T18:00:40","guid":{"rendered":"https:\/\/centnano.com\/?post_type=product&#038;p=3564"},"modified":"2024-03-23T16:19:21","modified_gmt":"2024-03-23T16:19:21","slug":"son-chong-tham-mau-xi-mang","status":"publish","type":"product","link":"https:\/\/centnano.vn\/?product=son-chong-tham-mau-xi-mang","title":{"rendered":"S\u01a0N CH\u1ed0NG TH\u1ea4M M\u00c0U XI M\u0102NG"},"content":{"rendered":"<p><span style=\"color: #ff8000;\"><strong>TH\u00d4NG S\u1ed0 K\u1ef8 THU\u1eacT<br \/>\n<\/strong><\/span>\u0110\u1ed9 m\u1ecbn               : \u2264 30microns.<br \/>\n\u0110\u1ed9 ph\u1ee7 l\u00fd thuy\u1ebft: 11 \u2013 13 m\u00b2\/1 l\u1edbp\/1 l\u00edt<br \/>\nTh\u1eddi gian kh\u00f4    : Kh\u00f4 b\u1ec1 m\u1eb7t: 30 ph\u00fat<br \/>\nKh\u00f4 ho\u00e0n to\u00e0n: 2 gi\u1edd.<br \/>\nD\u1ee5ng c\u1ee5: M\u00e1y phun s\u01a1n, c\u1ecd qu\u00e9t ho\u1eb7c rulo.<br \/>\nD\u1ee5ng c\u1ee5 thi c\u00f4ng ph\u1ea3i s\u1ea1ch s\u1ebd, ph\u00f9 h\u1ee3p v\u1edbi thi c\u00f4ng s\u01a1n n\u01b0\u1edbc.<\/p>\n<p><span style=\"color: #ff8000;\"><strong>TH\u00c0NH PH\u1ea6N C\u1ea4U T\u1ea0O<br \/>\n<\/strong><\/span>Nh\u1ef1a Acrylic copopymer b\u1ed9t kho\u00e1ng c\u00f9ng m\u1ed9t s\u1ed1 ph\u1ee5 gia kh\u00e1c.<br \/>\nKh\u00f4ng ch\u1ee9a ch\u00ec v\u00e0 th\u1ee7y ng\u00e2n<\/p>\n<p><span style=\"color: #ff8000;\"><strong>H\u1ec6 TH\u1ed0NG S\u01a0N \u0110\u1ec0 NGH\u1eca<br \/>\n<\/strong><\/span>B\u1ed9t tr\u00e9t    : 1-2 l\u1edbp b\u1ed9t tr\u00e9t cho c\u1ea3 t\u01b0\u1eddng c\u0169 v\u00e0 m\u1edbi<br \/>\nS\u01a1n l\u00f3t    : 1-2 l\u1edbp s\u01a1n l\u00f3t cho c\u1ea3 t\u01b0\u1eddng c\u0169 v\u00e0 m\u1edbi<br \/>\nS\u01a1n ph\u1ee7  : 2-3 l\u1edbp s\u01a1n ph\u1ee7 cho c\u1ea3 t\u01b0\u1eddng c\u0169 v\u00e0 m\u1edbi<\/p>\n<p><span style=\"color: #ff8000;\"><strong>\u0110I\u1ec0U KI\u1ec6N THI C\u00d4NG<br \/>\n<\/strong><\/span>T\u01b0\u1eddng ph\u1ea3i \u0111\u01b0\u1ee3c x\u1eed l\u00fd tr\u01b0\u1edbc khi s\u01a1n, t\u1ea5t c\u1ea3 c\u00e1c b\u1ec1 m\u1eb7t \u0111\u01b0\u1ee3c s\u01a1n ph\u1ea3i s\u1ea1ch v\u00e0 kh\u00f4 \u0111\u1ed9 \u1ea9m c\u1ee7a b\u1ec1 m\u1eb7t d\u01b0\u1edbi 16% theo m\u00e1y \u0111o \u0111\u1ed9 \u1ea9m Protimeter hay b\u1ec1 m\u1eb7t t\u01b0\u1eddng kh\u00f4 t\u1eeb 21 t\u1edbi 28 ng\u00e0y trong \u0111i\u1ec1u ki\u1ec7n b\u00ecnh th\u01b0\u1eddng. T\u01b0\u1eddng kh\u00f4ng b\u00e1m b\u1ee5i, d\u1ea7u m\u1ee1, ph\u1ea3i lo\u1ea1i b\u1ecf l\u1edbp s\u01a1n c\u0169 b\u1ecb bong. N\u1ebfu b\u1ec1 m\u1eb7t \u0111\u01b0\u1ee3c s\u01a1n b\u1ecb r\u00eau m\u1ed1c ph\u1ea3i di\u1ec7t h\u1ebft r\u00eau m\u1ed1c, khu\u1ea5y \u0111\u1ec1u tr\u01b0\u1edbc khi s\u01a1n v\u00e0 \u0111\u1ecdc k\u1ef9 h\u01b0\u1edbng d\u1eabn tr\u01b0\u1edbc khi s\u1eed d\u1ee5ng.<\/p>\n<p><span style=\"color: #ff8000;\"><strong>L\u01afU \u00dd\/NOTE<br \/>\n<\/strong><\/span>&#8211; B\u1ec1 m\u1eb7t c\u1ea7n s\u01a1n ph\u1ea3i s\u1ea1ch, kh\u00f4 v\u00e0 \u1ed5n \u0111\u1ecbnh, kh\u00f4ng c\u00f3 t\u1ea1p ch\u1ea5t<br \/>\n&#8211; \u0110\u1ed9 \u1ea9m c\u1ee7a b\u1ec1 m\u1eb7t c\u1ea7n s\u01a1n ph\u1ea3i th\u1ea5p h\u01a1n 16% ho\u1eb7c b\u1ec1 m\u1eb7t t\u01b0\u1eddng kh\u00f4 t\u1eeb 21-28 ng\u00e0y trong \u0111i\u1ec1u ki\u1ec7n th\u01b0\u1eddng (nhi\u1ec7t \u0111\u1ed9 trung b\u00ecnh 30 \u0111\u1ed9 C, \u0111\u1ed9 \u1ea9m m\u00f4i tr\u01b0\u1eddng 20%-40%)<br \/>\n&#8211; Kh\u00f4 b\u1ec1 m\u1eb7t trong v\u00f2ng 30 ph\u00fat ho\u1eb7c c\u00f3 th\u1ec3 l\u00e2u h\u01a1n n\u1ebfu m\u00f4i tr\u01b0\u1eddng c\u00f3 \u0111\u1ed9 \u1ea9m cao<br \/>\n&#8211; Kh\u00f4 ho\u00e0n to\u00e0n sau 3 gi\u1edd<br \/>\n&#8211; S\u01a1n l\u1edbp sau c\u00e1ch l\u1edbp tr\u01b0\u1edbc 02 gi\u1edd<br \/>\nPha s\u01a1n: Theo t\u1ef7 l\u1ec7 kh\u00f4ng qu\u00e1 5% b\u1eb1ng n\u01b0\u1edbc s\u1ea1ch, khu\u1ea5y \u0111\u1ec1u tr\u01b0\u1edbc khi s\u1eed d\u1ee5ng<br \/>\nB\u1ea3o qu\u1ea3n: B\u1ea3o qu\u1ea3n s\u01a1n n\u1edbi kh\u00f4 r\u00e1o tho\u00e1ng m\u00e1t. \u0110\u1eb7t th\u00f9ng s\u01a1n \u1edf v\u1ecb tr\u00ed th\u1eb3ng \u0111\u1ee9ng v\u00e0 \u0111\u1eady ch\u1eb7t n\u1eafp. D\u00f9ng ngay sau khi m\u1edf n\u1eafp<\/p>\n","protected":false},"excerpt":{"rendered":"<p>Th\u1ec3 t\u00edch: 1 l\u00edt &#8211; 5 l\u00edt<\/p>\n<p><span style=\"color: #ff0000;\"><strong><span style=\"font-size: 150%;\">Li\u00ean h\u1ec7: 0949.973.773<\/span><\/strong><\/span><\/p>\n","protected":false},"featured_media":3566,"comment_status":"open","ping_status":"closed","template":"","meta":[],"product_cat":[334],"product_tag":[335,337],"class_list":{"0":"post-3564","1":"product","2":"type-product","3":"status-publish","4":"has-post-thumbnail","6":"product_cat-son-chong-tham","7":"product_tag-son-chong-tham","8":"product_tag-son-chong-tham-xi-mang","10":"first","11":"instock","12":"shipping-taxable","13":"product-type-simple"},"_links":{"self":[{"href":"https:\/\/centnano.vn\/index.php?rest_route=\/wp\/v2\/product\/3564","targetHints":{"allow":["GET"]}}],"collection":[{"href":"https:\/\/centnano.vn\/index.php?rest_route=\/wp\/v2\/product"}],"about":[{"href":"https:\/\/centnano.vn\/index.php?rest_route=\/wp\/v2\/types\/product"}],"replies":[{"embeddable":true,"href":"https:\/\/centnano.vn\/index.php?rest_route=%2Fwp%2Fv2%2Fcomments&post=3564"}],"wp:featuredmedia":[{"embeddable":true,"href":"https:\/\/centnano.vn\/index.php?rest_route=\/wp\/v2\/media\/3566"}],"wp:attachment":[{"href":"https:\/\/centnano.vn\/index.php?rest_route=%2Fwp%2Fv2%2Fmedia&parent=3564"}],"wp:term":[{"taxonomy":"product_cat","embeddable":true,"href":"https:\/\/centnano.vn\/index.php?rest_route=%2Fwp%2Fv2%2Fproduct_cat&post=3564"},{"taxonomy":"product_tag","embeddable":true,"href":"https:\/\/centnano.vn\/index.php?rest_route=%2Fwp%2Fv2%2Fproduct_tag&post=3564"}],"curies":[{"name":"wp","href":"https:\/\/api.w.org\/{rel}","templated":true}]}}